{"id":91,"date":"2024-07-04T20:29:11","date_gmt":"2024-07-04T18:29:11","guid":{"rendered":"http:\/\/mama-all.fr\/?page_id=91"},"modified":"2024-07-04T20:29:11","modified_gmt":"2024-07-04T18:29:11","slug":"politique-de-confidentialite-2","status":"publish","type":"page","link":"https:\/\/mama-all.fr\/index.php\/politique-de-confidentialite-2\/","title":{"rendered":"Politique de confidentialit\u00e9"},"content":{"rendered":"<p>[et_pb_section fb_built=&#8221;1&#8243; _builder_version=&#8221;4.25.1&#8243; _module_preset=&#8221;default&#8221; global_colors_info=&#8221;{}&#8221;][et_pb_row _builder_version=&#8221;4.25.1&#8243; _module_preset=&#8221;default&#8221; global_colors_info=&#8221;{}&#8221;][et_pb_column type=&#8221;4_4&#8243; _builder_version=&#8221;4.25.1&#8243; _module_preset=&#8221;default&#8221; global_colors_info=&#8221;{}&#8221;][et_pb_text _builder_version=&#8221;4.25.1&#8243; _module_preset=&#8221;default&#8221; text_font=&#8221;Charmonman|700|||||||&#8221; text_font_size=&#8221;25px&#8221; hover_enabled=&#8221;0&#8243; global_colors_info=&#8221;{}&#8221; text_text_color=&#8221;#000000&#8243; sticky_enabled=&#8221;0&#8243;]<\/p>\n<p>La pr\u00e9sente politique de protection de donn\u00e9es \u00e0 caract\u00e8re personnel a pour objectif de d\u00e9finir les principes et les lignes directrices mis en \u0153uvre par le site en mati\u00e8re de traitement des donn\u00e9es \u00e0 caract\u00e8re personnel des utilisateurs du site et de ses services.<br \/>La notion de \u00ab donn\u00e9es \u00e0 caract\u00e8re personnel \u00bb ou \u00ab donn\u00e9es personnelles \u00bb correspond \u00e0 la d\u00e9finition donn\u00e9e par l&#8217;article 4 du r\u00e8glement G\u00e9n\u00e9ral de l&#8217;Union Europ\u00e9enne sur la protection des Donn\u00e9es (RGPD 2016\/679) c&#8217;est-\u00e0-dire \u00e0 toute information susceptible de permettre l&#8217;identification d&#8217;une personne physique de mani\u00e8re directe ou indirecte : nom, pr\u00e9nom, adresse email, etc.<br \/>Sandrine POIRIER affirme son attachement au respect des lois et r\u00e8glements applicables en mati\u00e8re de protection des donn\u00e9es, et s&#8217;engage \u00e0 pr\u00e9server leur s\u00e9curit\u00e9, leur confidentialit\u00e9 et leur int\u00e9grit\u00e9.<br \/>Champs d&#8217;application<br \/>La pr\u00e9sente politique s&#8217;applique \u00e0 l&#8217;ensemble des traitements de donn\u00e9es \u00e0 caract\u00e8re personnel effectu\u00e9s par sandrinepoirier.fr.<br \/>Donn\u00e9es collect\u00e9es<br \/>Lorsque vous nous contactez via le formulaire de contact sur le site, vous fournissez certaines informations \u00e0 Sandrine POIRIER.<br \/>Pour les Particuliers :<br \/>\u2022 Nom, pr\u00e9nom,<br \/>\u2022 Email, t\u00e9l\u00e9phone,<br \/>Ces \u00e9l\u00e9ments, strictement n\u00e9cessaires pour vous identifier, sont r\u00e9duits au minimum afin de permettre le fonctionnement du service en ne captant que les donn\u00e9es n\u00e9cessaires.<br \/>Cookies<br \/>Un cookie est une information appel\u00e9e \u00e9galement \u00ab traceur \u00bb qui est conserv\u00e9e sur votre terminal informatique (ordinateur, tablette, smartphone&#8230;) par un site web que vous visitez, via votre navigateur ou toute application ou programme vous permettant de lire une page web.<br \/>Conform\u00e9ment \u00e0 la r\u00e9glementation en vigueur, et notamment au regard de la loi RGPD, l&#8217;internaute peut s&#8217;opposer \u00e0 l&#8217;utilisation des cookies :<br \/>\u2022 L&#8217;utilisateur peut s&#8217;opposer au d\u00e9p\u00f4t des cookies en param\u00e9trant directement son navigateur web : les cookies sont alors rejet\u00e9s, soit syst\u00e9matiquement, soit selon leur \u00e9metteur.<br \/>\u2022 L&#8217;utilisateur peut \u00e9galement trouver un outil permettant de bloquer la collecte et l&#8217;utilisation de ses donn\u00e9es par les cookies Google Analytics en cliquant sur le bouton de choix.<br \/>\u2022 Cookie de session<br \/>Les cookies de sessions permettent la navigation sur le site, assurent sa s\u00e9curit\u00e9 et permettent d&#8217;acc\u00e9der \u00e0 ses diff\u00e9rents produits et services.<br \/>Les cookies de session de sandrinepoirier.fr correspondent aux cookies strictement n\u00e9cessaires et indispensables \u00e0 la navigation sur le site.<br \/>Le cookie ne recueille que votre fa\u00e7on de naviguer mais en aucun cas la moindre information personnelle, soyez en rassur\u00e9.<br \/>Trouvez plus d&#8217;informations sur le site de la CNIL (www.cnil.fr).<br \/>Utilisation des donn\u00e9es collect\u00e9es<br \/>\u2022 Cas des offres payantes : La collecte des donn\u00e9es \u00e0 caract\u00e8re personnel est g\u00e9r\u00e9e sous la m\u00eame forme que pour les offres gratuites et peut \u00eatre compl\u00e9t\u00e9e ou amend\u00e9e par des mentions sp\u00e9cifiques au contrat et\/ou aux CGU fournies et accept\u00e9es lors de l&#8217;accord entre la soci\u00e9t\u00e9 cliente et FREELANCE INFORMATIQUE.<br \/>Dur\u00e9e de conservation des donn\u00e9es<br \/>Pour les Particuliers :<br \/>Dur\u00e9e de conservation est de 1 ans<br \/>Sandrine POIRIER se garde la libert\u00e9 de supprimer des donn\u00e9es si elles sont consid\u00e9r\u00e9es comme n&#8217;\u00e9tant plus pertinentes.<br \/>S\u00e9curit\u00e9 des donn\u00e9es<br \/>Sandrine POIRIER s&#8217;engage \u00e0 mettre en \u0153uvre tous les moyens n\u00e9cessaires afin d&#8217;assurer que le site ne soit pas affect\u00e9 par un virus et qu&#8217;aucune personne n&#8217;obtienne un acc\u00e8s ou un usage non autoris\u00e9 \u00e0 tout document ou information personnelle.<br \/>Droit relatif aux donn\u00e9es \u00e0 caract\u00e8re personnel (droit d&#8217;acc\u00e8s, de rectification ou de suppression)<br \/>Conform\u00e9ment \u00e0 la Loi n\u00b078-17 du 6 janvier 1978, les utilisateurs disposent d&#8217;un droit d&#8217;acc\u00e8s, de rectification et de suppression des donn\u00e9es qui les concernent et qui ont \u00e9t\u00e9 port\u00e9es \u00e0 la connaissance de Sandrine POIRIER lors de l&#8217;utilisation du service. Pour l&#8217;exercer, ils doivent envoyer un mail \u00e0 sandrine.poirier.240169@gmail.com ou par le formulaire de contact<br \/>R\u00e9clamations<br \/>Si vous avez des raisons de penser que la s\u00e9curit\u00e9 de vos donn\u00e9es \u00e0 caract\u00e8re personnel a \u00e9t\u00e9 compromise ou que ces donn\u00e9es ont fait l&#8217;objet d&#8217;une utilisation abusive, vous \u00eates invit\u00e9s \u00e0 contacter le D\u00e9l\u00e9gu\u00e9 \u00e0 la Protection des Donn\u00e9es de Sandrine POIRIER.<br \/>.<\/p>\n<p>[\/et_pb_text][\/et_pb_column][\/et_pb_row][\/et_pb_section]<\/p>\n","protected":false},"excerpt":{"rendered":"<p>La pr\u00e9sente politique de protection de donn\u00e9es \u00e0 caract\u00e8re personnel a pour objectif de d\u00e9finir les principes et les lignes directrices mis en \u0153uvre par le site en mati\u00e8re de traitement des donn\u00e9es \u00e0 caract\u00e8re personnel des utilisateurs du site et de ses services.La notion de \u00ab donn\u00e9es \u00e0 caract\u00e8re personnel \u00bb ou \u00ab donn\u00e9es [&hellip;]<\/p>\n","protected":false},"author":1,"featured_media":0,"parent":0,"menu_order":0,"comment_status":"closed","ping_status":"closed","template":"","meta":{"_et_pb_use_builder":"on","_et_pb_old_content":"","_et_gb_content_width":"1280","footnotes":""},"class_list":["post-91","page","type-page","status-publish","hentry"],"_links":{"self":[{"href":"https:\/\/mama-all.fr\/index.php\/wp-json\/wp\/v2\/pages\/91","targetHints":{"allow":["GET"]}}],"collection":[{"href":"https:\/\/mama-all.fr\/index.php\/wp-json\/wp\/v2\/pages"}],"about":[{"href":"https:\/\/mama-all.fr\/index.php\/wp-json\/wp\/v2\/types\/page"}],"author":[{"embeddable":true,"href":"https:\/\/mama-all.fr\/index.php\/wp-json\/wp\/v2\/users\/1"}],"replies":[{"embeddable":true,"href":"https:\/\/mama-all.fr\/index.php\/wp-json\/wp\/v2\/comments?post=91"}],"version-history":[{"count":3,"href":"https:\/\/mama-all.fr\/index.php\/wp-json\/wp\/v2\/pages\/91\/revisions"}],"predecessor-version":[{"id":315,"href":"https:\/\/mama-all.fr\/index.php\/wp-json\/wp\/v2\/pages\/91\/revisions\/315"}],"wp:attachment":[{"href":"https:\/\/mama-all.fr\/index.php\/wp-json\/wp\/v2\/media?parent=91"}],"curies":[{"name":"wp","href":"https:\/\/api.w.org\/{rel}","templated":true}]}}