{"id":85,"date":"2024-07-02T13:27:35","date_gmt":"2024-07-02T11:27:35","guid":{"rendered":"http:\/\/mama-all.fr\/?page_id=85"},"modified":"2024-07-04T20:34:02","modified_gmt":"2024-07-04T18:34:02","slug":"mentions-legales","status":"publish","type":"page","link":"https:\/\/mama-all.fr\/index.php\/mentions-legales\/","title":{"rendered":"Mentions l\u00e9gales"},"content":{"rendered":"<p>[et_pb_section fb_built=&#8221;1&#8243; _builder_version=&#8221;4.25.1&#8243; _module_preset=&#8221;default&#8221; global_colors_info=&#8221;{}&#8221;][et_pb_row _builder_version=&#8221;4.25.1&#8243; _module_preset=&#8221;default&#8221; global_colors_info=&#8221;{}&#8221;][et_pb_column type=&#8221;4_4&#8243; _builder_version=&#8221;4.25.1&#8243; _module_preset=&#8221;default&#8221; global_colors_info=&#8221;{}&#8221;][et_pb_text _builder_version=&#8221;4.25.1&#8243; _module_preset=&#8221;default&#8221; text_font=&#8221;Charmonman|700|||||||&#8221; text_font_size=&#8221;25px&#8221; hover_enabled=&#8221;0&#8243; global_colors_info=&#8221;{}&#8221; text_text_color=&#8221;#000000&#8243; sticky_enabled=&#8221;0&#8243;]<\/p>\n<p>Le site www.sandrinepoirier.fr \u00e9dit\u00e9 par christophe POIRIER<\/p>\n<p>Responsable de publication<br \/>Mme Sandrine POIRIER<br \/>Joignable par t\u00e9l\u00e9phone au 06 29 51 10 16 ou par mail via le formulaire de contact.<\/p>\n<p>Num\u00e9ro de Siret en cours<\/p>\n<p>&nbsp;<\/p>\n<p>H\u00e9bergement<br \/>OVH<br \/>Si\u00e8ge social : 2 rue Kellermann \u2013 59100 Roubaix &#8211; France<br \/>SAS au capital de 10 069 020 \u20ac &#8211; RCS Lille M\u00e9tropole 424 761 419 000 45<\/p>\n<p>&nbsp;<\/p>\n<p>[\/et_pb_text][\/et_pb_column][\/et_pb_row][\/et_pb_section]<\/p>\n","protected":false},"excerpt":{"rendered":"<p>Le site www.sandrinepoirier.fr \u00e9dit\u00e9 par christophe POIRIER Responsable de publicationMme Sandrine POIRIERJoignable par t\u00e9l\u00e9phone au 06 29 51 10 16 ou par mail via le formulaire de contact. Num\u00e9ro de Siret en cours &nbsp; H\u00e9bergementOVHSi\u00e8ge social : 2 rue Kellermann \u2013 59100 Roubaix &#8211; FranceSAS au capital de 10 069 020 \u20ac &#8211; RCS Lille [&hellip;]<\/p>\n","protected":false},"author":1,"featured_media":0,"parent":0,"menu_order":0,"comment_status":"closed","ping_status":"closed","template":"","meta":{"_et_pb_use_builder":"on","_et_pb_old_content":"","_et_gb_content_width":"1280","footnotes":""},"class_list":["post-85","page","type-page","status-publish","hentry"],"_links":{"self":[{"href":"https:\/\/mama-all.fr\/index.php\/wp-json\/wp\/v2\/pages\/85","targetHints":{"allow":["GET"]}}],"collection":[{"href":"https:\/\/mama-all.fr\/index.php\/wp-json\/wp\/v2\/pages"}],"about":[{"href":"https:\/\/mama-all.fr\/index.php\/wp-json\/wp\/v2\/types\/page"}],"author":[{"embeddable":true,"href":"https:\/\/mama-all.fr\/index.php\/wp-json\/wp\/v2\/users\/1"}],"replies":[{"embeddable":true,"href":"https:\/\/mama-all.fr\/index.php\/wp-json\/wp\/v2\/comments?post=85"}],"version-history":[{"count":3,"href":"https:\/\/mama-all.fr\/index.php\/wp-json\/wp\/v2\/pages\/85\/revisions"}],"predecessor-version":[{"id":318,"href":"https:\/\/mama-all.fr\/index.php\/wp-json\/wp\/v2\/pages\/85\/revisions\/318"}],"wp:attachment":[{"href":"https:\/\/mama-all.fr\/index.php\/wp-json\/wp\/v2\/media?parent=85"}],"curies":[{"name":"wp","href":"https:\/\/api.w.org\/{rel}","templated":true}]}}