{"id":54,"date":"2024-07-02T13:26:25","date_gmt":"2024-07-02T11:26:25","guid":{"rendered":"http:\/\/mama-all.fr\/?page_id=54"},"modified":"2025-08-16T15:41:04","modified_gmt":"2025-08-16T13:41:04","slug":"acceuil-2","status":"publish","type":"page","link":"https:\/\/mama-all.fr\/","title":{"rendered":"Acceuil"},"content":{"rendered":"<p>[et_pb_section fb_built=&#8221;1&#8243; fullwidth=&#8221;on&#8221; _builder_version=&#8221;4.25.1&#8243; _module_preset=&#8221;default&#8221; custom_margin=&#8221;-46px|-101px|-24px|-101px|false|false&#8221; custom_padding=&#8221;1px||||false|false&#8221; hover_enabled=&#8221;0&#8243; global_colors_info=&#8221;{}&#8221; hover_transition_duration=&#8221;0ms&#8221; sticky_enabled=&#8221;0&#8243;][et_pb_fullwidth_slider _builder_version=&#8221;4.25.1&#8243; _module_preset=&#8221;default&#8221; auto=&#8221;on&#8221; auto_ignore_hover=&#8221;on&#8221; hover_transition_duration=&#8221;2000ms&#8221; hover_transition_speed_curve=&#8221;ease-in&#8221; global_colors_info=&#8221;{}&#8221;][et_pb_slide heading=&#8221;Qui suis-je?&#8221; _builder_version=&#8221;4.25.1&#8243; _module_preset=&#8221;default&#8221; background_image=&#8221;http:\/\/mama-all.fr\/wp-content\/uploads\/2025\/06\/freenaturestock-2246-scaled.jpg&#8221; background_enable_image=&#8221;on&#8221; parallax=&#8221;on&#8221; hover_transition_duration=&#8221;2000ms&#8221; global_colors_info=&#8221;{}&#8221; sticky_transition=&#8221;on&#8221;]<\/p>\n<h3>Je m&#8217;appelle Sandrine, th\u00e9rapeute en soins \u00e9nerg\u00e9tiques.<\/h3>\n<h3>Depuis plusieurs ann\u00e9es, je m&#8217;int\u00e9resse \u00e0 la mani\u00e8re dont notre<\/h3>\n<h3>corps, nos \u00e9motions et notre \u00e9nergie interagissent. Mon chemin<\/h3>\n<h3>m\u2019a conduite \u00e0 explorer diff\u00e9rentes approches pour<\/h3>\n<h3>accompagner celles et ceux qui souhaitent retrouver un \u00e9quilibre int\u00e9rieur.<\/h3>\n<p>[\/et_pb_slide][et_pb_slide heading=&#8221;Ce que je propose&#8221; _builder_version=&#8221;4.25.1&#8243; _module_preset=&#8221;default&#8221; background_image=&#8221;http:\/\/mama-all.fr\/wp-content\/uploads\/2025\/06\/freenaturestock-2289-scaled.jpg&#8221; background_enable_image=&#8221;on&#8221; hover_transition_speed_curve=&#8221;ease-in&#8221; global_colors_info=&#8221;{}&#8221; sticky_transition=&#8221;on&#8221;]<\/p>\n<h3>Les soins \u00e9nerg\u00e9tiques que je pratique visent \u00e0 r\u00e9tablir une circulation<\/h3>\n<h3>harmonieuse de l\u2019\u00e9nergie dans le corps. Chaque s\u00e9ance est une invitation \u00e0<\/h3>\n<h3>ralentir, \u00e0 se recentrer, et \u00e0 \u00e9couter ce qui a besoin d\u2019\u00eatre reconnu, lib\u00e9r\u00e9 ou<\/h3>\n<h3>r\u00e9\u00e9quilibr\u00e9.<\/h3>\n<p>[\/et_pb_slide][et_pb_slide heading=&#8221;Une approche douce et personnalis\u00e9e&#8221; _builder_version=&#8221;4.25.1&#8243; _module_preset=&#8221;default&#8221; background_image=&#8221;http:\/\/mama-all.fr\/wp-content\/uploads\/2025\/06\/freenaturestock-2216-scaled.jpg&#8221; background_enable_image=&#8221;on&#8221; hover_transition_speed_curve=&#8221;ease-in&#8221; global_colors_info=&#8221;{}&#8221; sticky_transition=&#8221;on&#8221;]<\/p>\n<h3>Chaque personne est unique, et chaque rencontre l\u2019est aussi. C\u2019est<\/h3>\n<h3>pourquoi je prends le temps d\u2019\u00e9couter, sans jugement, pour adapter<\/h3>\n<h3>l\u2019accompagnement \u00e0 vos besoins du moment.<\/h3>\n<h3>Mon approche est douce, ancr\u00e9e dans la pr\u00e9sence, et sans attente de<\/h3>\n<h3>r\u00e9sultat impos\u00e9.<\/h3>\n<p>[\/et_pb_slide][et_pb_slide heading=&#8221;Mon intention&#8221; _builder_version=&#8221;4.25.1&#8243; _module_preset=&#8221;default&#8221; background_image=&#8221;http:\/\/mama-all.fr\/wp-content\/uploads\/2025\/06\/freenaturestock-2233-scaled.jpg&#8221; background_enable_image=&#8221;on&#8221; hover_transition_speed_curve=&#8221;ease-in&#8221; global_colors_info=&#8221;{}&#8221; sticky_transition=&#8221;on&#8221;]<\/p>\n<h3>Cr\u00e9er un espace simple, bienveillant et sinc\u00e8re, dans lequel vous pouvez<\/h3>\n<h3>vous sentir accueilli(e) tel(le) que vous \u00eates.<\/h3>\n<h3>Je ne promets rien, mais je m\u2019engage \u00e0 \u00eatre pleinement pr\u00e9sente, \u00e0<\/h3>\n<h3>l\u2019\u00e9coute, et disponible pour vous accompagner sur votre chemin.<\/h3>\n<p>[\/et_pb_slide][\/et_pb_fullwidth_slider][\/et_pb_section]<\/p>\n","protected":false},"excerpt":{"rendered":"<p>Je m&#8217;appelle Sandrine, th\u00e9rapeute en soins \u00e9nerg\u00e9tiques. Depuis plusieurs ann\u00e9es, je m&#8217;int\u00e9resse \u00e0 la mani\u00e8re dont notre corps, nos \u00e9motions et notre \u00e9nergie interagissent. Mon chemin m\u2019a conduite \u00e0 explorer diff\u00e9rentes approches pour accompagner celles et ceux qui souhaitent retrouver un \u00e9quilibre int\u00e9rieur.Les soins \u00e9nerg\u00e9tiques que je pratique visent \u00e0 r\u00e9tablir une circulation harmonieuse de [&hellip;]<\/p>\n","protected":false},"author":1,"featured_media":0,"parent":0,"menu_order":0,"comment_status":"closed","ping_status":"closed","template":"","meta":{"_et_pb_use_builder":"on","_et_pb_old_content":"","_et_gb_content_width":"1280","footnotes":""},"class_list":["post-54","page","type-page","status-publish","hentry"],"_links":{"self":[{"href":"https:\/\/mama-all.fr\/index.php\/wp-json\/wp\/v2\/pages\/54","targetHints":{"allow":["GET"]}}],"collection":[{"href":"https:\/\/mama-all.fr\/index.php\/wp-json\/wp\/v2\/pages"}],"about":[{"href":"https:\/\/mama-all.fr\/index.php\/wp-json\/wp\/v2\/types\/page"}],"author":[{"embeddable":true,"href":"https:\/\/mama-all.fr\/index.php\/wp-json\/wp\/v2\/users\/1"}],"replies":[{"embeddable":true,"href":"https:\/\/mama-all.fr\/index.php\/wp-json\/wp\/v2\/comments?post=54"}],"version-history":[{"count":40,"href":"https:\/\/mama-all.fr\/index.php\/wp-json\/wp\/v2\/pages\/54\/revisions"}],"predecessor-version":[{"id":414,"href":"https:\/\/mama-all.fr\/index.php\/wp-json\/wp\/v2\/pages\/54\/revisions\/414"}],"wp:attachment":[{"href":"https:\/\/mama-all.fr\/index.php\/wp-json\/wp\/v2\/media?parent=54"}],"curies":[{"name":"wp","href":"https:\/\/api.w.org\/{rel}","templated":true}]}}